{"id":8,"date":"2016-08-10T08:51:14","date_gmt":"2016-08-10T08:51:14","guid":{"rendered":"https:\/\/platonegro.org\/?page_id=8"},"modified":"2021-05-02T21:20:19","modified_gmt":"2021-05-02T21:20:19","slug":"team","status":"publish","type":"page","link":"https:\/\/platonegro.org\/es\/team\/","title":{"rendered":"Team"},"content":{"rendered":"<div class=\"fusion-fullwidth fullwidth-box fusion-builder-row-1 fusion-flex-container nonhundred-percent-fullwidth non-hundred-percent-height-scrolling\" style=\"background-color: #ffffff;background-position: center center;background-repeat: no-repeat;border-width: 0px 0px 0px 0px;border-color:#eae9e9;border-style:solid;\" ><div class=\"fusion-builder-row fusion-row fusion-flex-align-items-stretch\" style=\"max-width:1216.8px;margin-left: calc(-4% \/ 2 );margin-right: calc(-4% \/ 2 );\"><div class=\"fusion-layout-column fusion_builder_column fusion-builder-column-0 fusion_builder_column_1_3 1_3 fusion-flex-column\"><div class=\"fusion-column-wrapper fusion-flex-justify-content-flex-start fusion-content-layout-column\" style=\"background-position:left top;background-repeat:no-repeat;-webkit-background-size:cover;-moz-background-size:cover;-o-background-size:cover;background-size:cover;background-color:#ededed;padding: 15px 15px 15px 15px;\"><div class=\"fusion-person person fusion-person-center fusion-person-1 fusion-person-icon-top\"><div class=\"person-shortcode-image-wrapper\"><div class=\"person-image-container hover-type-none\" style=\"border:0px solid #f6f6f6;-webkit-border-radius:0px;-moz-border-radius:0px;border-radius:0px;\"><img decoding=\"async\" class=\"person-img img-responsive wp-image-2417\" width=\"300\" height=\"267\" src=\"https:\/\/platonegro.org\/wp-content\/uploads\/2021\/02\/GSaborio1-1-1-300x267.jpg\" alt=\"Dr. Stephen Spear \" srcset=\"https:\/\/platonegro.org\/wp-content\/uploads\/2021\/02\/GSaborio1-1-1-200x178.jpg 200w, https:\/\/platonegro.org\/wp-content\/uploads\/2021\/02\/GSaborio1-1-1-400x355.jpg 400w, https:\/\/platonegro.org\/wp-content\/uploads\/2021\/02\/GSaborio1-1-1-600x533.jpg 600w, https:\/\/platonegro.org\/wp-content\/uploads\/2021\/02\/GSaborio1-1-1.jpg 718w\" sizes=\"(max-width: 1024px) 100vw, (max-width: 640px) 100vw, 400px\" \/><\/div><\/div><div class=\"person-desc\"><div class=\"person-author\"><div class=\"person-author-wrapper\"><span class=\"person-name\">Dr. Stephen Spear <\/span><span class=\"person-title\"><\/span><\/div><\/div><div class=\"person-content fusion-clearfix\">Stephen es copresidente del Grupo de Especialistas en V\u00edboras (Viper Specialist Group) de la UICN y ha trabajado con Plato Negro Ecology and Conservation desde que comenz\u00f3 el proyecto en 2012. A lo largo de su carrera, ha trabajado en proyectos de ecolog\u00eda y conservaci\u00f3n para una variedad de especies de reptiles y anfibios. En particular, ha utilizado t\u00e9cnicas de modelado gen\u00e9tico y de h\u00e1bitat para apoyar la conservaci\u00f3n de la herpetofauna, incluidas las v\u00edboras. Ha utilizado el monitoreo de ADN ambiental de manera extensiva con especies acu\u00e1ticas y est\u00e1 investigando posibilidades de usar eDNA para detectar especies terrestres reservadas como la Plato Negro. El Dr. Spear reside actualmente en La Crosse, Wisconsin, EE. UU.<\/div><\/div><\/div><\/div><style type=\"text\/css\">.fusion-body .fusion-builder-column-0{width:33.333333333333% !important;margin-top : 0px;margin-bottom : 20px;}.fusion-builder-column-0 > .fusion-column-wrapper {padding-top : 15px !important;padding-right : 15px !important;margin-right : 5.76%;padding-bottom : 15px !important;padding-left : 15px !important;margin-left : 5.76%;}@media only screen and (max-width:1024px) {.fusion-body .fusion-builder-column-0{width:100% !important;order : 0;}.fusion-builder-column-0 > .fusion-column-wrapper {margin-right : 1.92%;margin-left : 1.92%;}}@media only screen and (max-width:640px) {.fusion-body .fusion-builder-column-0{width:100% !important;order : 0;}.fusion-builder-column-0 > .fusion-column-wrapper {margin-right : 1.92%;margin-left : 1.92%;}}<\/style><\/div><div class=\"fusion-layout-column fusion_builder_column fusion-builder-column-1 fusion_builder_column_1_3 1_3 fusion-flex-column\"><div class=\"fusion-column-wrapper fusion-flex-justify-content-flex-start fusion-content-layout-column\" style=\"background-position:left top;background-repeat:no-repeat;-webkit-background-size:cover;-moz-background-size:cover;-o-background-size:cover;background-size:cover;background-color:#ededed;padding: 15px 15px 15px 15px;\"><div class=\"fusion-person person fusion-person-center fusion-person-2 fusion-person-icon-top\"><div class=\"person-shortcode-image-wrapper\"><div class=\"person-image-container hover-type-none\" style=\"border:0px solid #f6f6f6;-webkit-border-radius:0px;-moz-border-radius:0px;border-radius:0px;\"><img decoding=\"async\" class=\"person-img img-responsive wp-image-2413\" width=\"300\" height=\"267\" src=\"https:\/\/platonegro.org\/wp-content\/uploads\/2021\/02\/GSaborio1-1-300x267.jpg\" alt=\"Guido Sabor\u00edo \" srcset=\"https:\/\/platonegro.org\/wp-content\/uploads\/2021\/02\/GSaborio1-1-200x178.jpg 200w, https:\/\/platonegro.org\/wp-content\/uploads\/2021\/02\/GSaborio1-1-400x355.jpg 400w, https:\/\/platonegro.org\/wp-content\/uploads\/2021\/02\/GSaborio1-1-600x533.jpg 600w, https:\/\/platonegro.org\/wp-content\/uploads\/2021\/02\/GSaborio1-1.jpg 718w\" sizes=\"(max-width: 1024px) 100vw, (max-width: 640px) 100vw, 400px\" \/><\/div><\/div><div class=\"person-desc\"><div class=\"person-author\"><div class=\"person-author-wrapper\"><span class=\"person-name\">Guido Sabor\u00edo <\/span><span class=\"person-title\"><\/span><\/div><div class=\"fusion-social-networks\"><div class=\"fusion-social-networks-wrapper\"><a class=\"fusion-social-network-icon fusion-tooltip fusion-mail fusion-icon-mail\" aria-label=\"fusion-mail\" href=\"mailto:&#103;u&#105;&#100;&#111;&#064;platon&#101;gro&#046;o&#114;&#103;&#032;\" target=\"_self\" style=\"color:#030303;font-size:16px;\" data-placement=\"top\" data-title=\"Mail\" title=\"Mail\" data-toggle=\"tooltip\"><\/a><\/div><\/div><\/div><div class=\"person-content fusion-clearfix\">Guido es un bi\u00f3logo costarricense que ha trabajado con Plato Negro Ecology and Conservation desde que el proyecto comenz\u00f3 en 2012. A lo largo de su carrera, ha trabajado en proyectos de conservaci\u00f3n tanto para instituciones gubernamentales como para organizaciones sin fines de lucro en Costa Rica. En particular, ha estado involucrado en la gesti\u00f3n de \u00e1reas protegidas y el monitoreo de la vida silvestre, incluidas las tortugas marinas y los mam\u00edferos terrestres. Guido tiene su sede actualmente en Golfito, Puntarenas, CR. <\/div><\/div><\/div><\/div><style type=\"text\/css\">.fusion-body .fusion-builder-column-1{width:33.333333333333% !important;margin-top : 0px;margin-bottom : 20px;}.fusion-builder-column-1 > .fusion-column-wrapper {padding-top : 15px !important;padding-right : 15px !important;margin-right : 5.76%;padding-bottom : 15px !important;padding-left : 15px !important;margin-left : 5.76%;}@media only screen and (max-width:1024px) {.fusion-body .fusion-builder-column-1{width:100% !important;order : 0;}.fusion-builder-column-1 > .fusion-column-wrapper {margin-right : 1.92%;margin-left : 1.92%;}}@media only screen and (max-width:640px) {.fusion-body .fusion-builder-column-1{width:100% !important;order : 0;}.fusion-builder-column-1 > .fusion-column-wrapper {margin-right : 1.92%;margin-left : 1.92%;}}<\/style><\/div><div class=\"fusion-layout-column fusion_builder_column fusion-builder-column-2 fusion_builder_column_1_3 1_3 fusion-flex-column\"><div class=\"fusion-column-wrapper fusion-flex-justify-content-flex-start fusion-content-layout-column\" style=\"background-position:left top;background-repeat:no-repeat;-webkit-background-size:cover;-moz-background-size:cover;-o-background-size:cover;background-size:cover;background-color:#ededed;padding: 15px 15px 15px 15px;\"><div class=\"fusion-person person fusion-person-center fusion-person-3 fusion-person-icon-top\"><div class=\"person-shortcode-image-wrapper\"><div class=\"person-image-container hover-type-none\" style=\"border:0px solid #f6f6f6;-webkit-border-radius:0px;-moz-border-radius:0px;border-radius:0px;\"><img decoding=\"async\" class=\"person-img img-responsive wp-image-2419\" width=\"300\" height=\"267\" src=\"https:\/\/platonegro.org\/wp-content\/uploads\/2021\/02\/Roel-De-Plecker-300x267.jpg\" alt=\"Roel De Plecker\" srcset=\"https:\/\/platonegro.org\/wp-content\/uploads\/2021\/02\/Roel-De-Plecker-200x178.jpg 200w, https:\/\/platonegro.org\/wp-content\/uploads\/2021\/02\/Roel-De-Plecker-400x355.jpg 400w, https:\/\/platonegro.org\/wp-content\/uploads\/2021\/02\/Roel-De-Plecker-600x533.jpg 600w, https:\/\/platonegro.org\/wp-content\/uploads\/2021\/02\/Roel-De-Plecker.jpg 718w\" sizes=\"(max-width: 1024px) 100vw, (max-width: 640px) 100vw, 400px\" \/><\/div><\/div><div class=\"person-desc\"><div class=\"person-author\"><div class=\"person-author-wrapper\"><span class=\"person-name\">Roel De Plecker<\/span><span class=\"person-title\"><\/span><\/div><div class=\"fusion-social-networks\"><div class=\"fusion-social-networks-wrapper\"><a class=\"fusion-social-network-icon fusion-tooltip fusion-mail fusion-icon-mail\" aria-label=\"fusion-mail\" href=\"mailto:&#114;o&#101;&#108;&#064;&#112;&#108;&#097;&#116;one&#103;&#114;&#111;&#046;&#111;&#114;g\" target=\"_self\" style=\"color:#030303;font-size:16px;\" data-placement=\"top\" data-title=\"Mail\" title=\"Mail\" data-toggle=\"tooltip\"><\/a><\/div><\/div><\/div><div class=\"person-content fusion-clearfix\">Roel se uni\u00f3 al equipo en 2015 ayudando en el trabajo en el campo sobre Platos Negros. Como curador de reptiles, tiene m\u00e1s de 15 a\u00f1os de experiencia en la cr\u00eda y mantenimiento de la especie. Este fot\u00f3grafo de la naturaleza nacido en B\u00e9lgica, lleg\u00f3 hace 25 a\u00f1os a la regi\u00f3n del Pac\u00edfico central de Costa Rica, apasionado por las selvas tropicales y con un inter\u00e9s especial en la Plato Negro y su ecolog\u00eda. Sus fotograf\u00edas sobre reptiles se pueden ver en varios libros y ha escrito varias publicaciones sobre herpetolog\u00eda. Pasa su tiempo libre explorando las monta\u00f1as y los bosques de las laderas del Pac\u00edfico central y sur de Costa Rica, recolectando datos y fotograf\u00edas sobre estas esquivas v\u00edboras. <\/div><\/div><\/div><\/div><style type=\"text\/css\">.fusion-body .fusion-builder-column-2{width:33.333333333333% !important;margin-top : 0px;margin-bottom : 20px;}.fusion-builder-column-2 > .fusion-column-wrapper {padding-top : 15px !important;padding-right : 15px !important;margin-right : 5.76%;padding-bottom : 15px !important;padding-left : 15px !important;margin-left : 5.76%;}@media only screen and (max-width:1024px) {.fusion-body .fusion-builder-column-2{width:100% !important;order : 0;}.fusion-builder-column-2 > .fusion-column-wrapper {margin-right : 1.92%;margin-left : 1.92%;}}@media only screen and (max-width:640px) {.fusion-body .fusion-builder-column-2{width:100% !important;order : 0;}.fusion-builder-column-2 > .fusion-column-wrapper {margin-right : 1.92%;margin-left : 1.92%;}}<\/style><\/div><div class=\"fusion-layout-column fusion_builder_column fusion-builder-column-3 fusion_builder_column_1_3 1_3 fusion-flex-column\"><div class=\"fusion-column-wrapper fusion-flex-justify-content-flex-start fusion-content-layout-column\" style=\"background-position:left top;background-repeat:no-repeat;-webkit-background-size:cover;-moz-background-size:cover;-o-background-size:cover;background-size:cover;background-color:#ededed;padding: 15px 15px 15px 15px;\"><div class=\"fusion-person person fusion-person-center fusion-person-4 fusion-person-icon-top\"><div class=\"person-shortcode-image-wrapper\"><div class=\"person-image-container hover-type-none\" style=\"border:0px solid #f6f6f6;-webkit-border-radius:0px;-moz-border-radius:0px;border-radius:0px;\"><img decoding=\"async\" class=\"person-img img-responsive wp-image-2418\" width=\"300\" height=\"267\" src=\"https:\/\/platonegro.org\/wp-content\/uploads\/2021\/02\/Marcelo-Carvajal-300x267.jpg\" alt=\"Marcelo Carvajal\" srcset=\"https:\/\/platonegro.org\/wp-content\/uploads\/2021\/02\/Marcelo-Carvajal-200x178.jpg 200w, https:\/\/platonegro.org\/wp-content\/uploads\/2021\/02\/Marcelo-Carvajal-400x355.jpg 400w, https:\/\/platonegro.org\/wp-content\/uploads\/2021\/02\/Marcelo-Carvajal-600x533.jpg 600w, https:\/\/platonegro.org\/wp-content\/uploads\/2021\/02\/Marcelo-Carvajal.jpg 718w\" sizes=\"(max-width: 1024px) 100vw, (max-width: 640px) 100vw, 400px\" \/><\/div><\/div><div class=\"person-desc\"><div class=\"person-author\"><div class=\"person-author-wrapper\"><span class=\"person-name\">Marcelo Carvajal<\/span><span class=\"person-title\"><\/span><\/div><div class=\"fusion-social-networks\"><div class=\"fusion-social-networks-wrapper\"><a class=\"fusion-social-network-icon fusion-tooltip fusion-mail fusion-icon-mail\" aria-label=\"fusion-mail\" href=\"mailto:m&#097;&#114;ce&#108;&#108;&#111;&#064;pla&#116;&#111;neg&#114;o&#046;&#111;&#114;&#103;\" target=\"_self\" style=\"color:#030303;font-size:16px;\" data-placement=\"top\" data-title=\"Mail\" title=\"Mail\" data-toggle=\"tooltip\"><\/a><\/div><\/div><\/div><div class=\"person-content fusion-clearfix\">Marcello es un herpet\u00f3logo \/ naturalista costarricense que ha dedicado su vida a la conservaci\u00f3n e investigaci\u00f3n de anfibios y reptiles, habiendo trabajado en el pasado en la restauraci\u00f3n del h\u00e1bitat de anfibios en peligro cr\u00edtico de los bosques nubosos, incluida la reproducci\u00f3n in situ y ex situ. Hoy concentra su trabajo en la investigaci\u00f3n de reptiles, siendo las v\u00edboras y los cocodrilos su principal foco. Todo esto lo ha obsesionado con los aspectos bot\u00e1nicos de sus sitios de estudio, lo que a su vez lo ha llevado a trabajar con el manejo y restauraci\u00f3n de bosques. Ha trabajado con Plato Negro Ecology and Conservation desde 2012 y pasa la mitad del a\u00f1o en el sureste de los Estados Unidos trabajando con serpientes de cascabel, caimanes y tortugas.<\/div><\/div><\/div><\/div><style type=\"text\/css\">.fusion-body .fusion-builder-column-3{width:33.333333333333% !important;margin-top : 0px;margin-bottom : 20px;}.fusion-builder-column-3 > .fusion-column-wrapper {padding-top : 15px !important;padding-right : 15px !important;margin-right : 5.76%;padding-bottom : 15px !important;padding-left : 15px !important;margin-left : 5.76%;}@media only screen and (max-width:1024px) {.fusion-body .fusion-builder-column-3{width:100% !important;order : 0;}.fusion-builder-column-3 > .fusion-column-wrapper {margin-right : 1.92%;margin-left : 1.92%;}}@media only screen and (max-width:640px) {.fusion-body .fusion-builder-column-3{width:100% !important;order : 0;}.fusion-builder-column-3 > .fusion-column-wrapper {margin-right : 1.92%;margin-left : 1.92%;}}<\/style><\/div><div class=\"fusion-layout-column fusion_builder_column fusion-builder-column-4 fusion_builder_column_1_3 1_3 fusion-flex-column\"><div class=\"fusion-column-wrapper fusion-flex-justify-content-flex-start fusion-content-layout-column\" style=\"background-position:left top;background-repeat:no-repeat;-webkit-background-size:cover;-moz-background-size:cover;-o-background-size:cover;background-size:cover;background-color:#ededed;padding: 15px 15px 15px 15px;\"><div class=\"fusion-person person fusion-person-center fusion-person-5 fusion-person-icon-top\"><div class=\"person-shortcode-image-wrapper\"><div class=\"person-image-container hover-type-none\" style=\"border:0px solid #f6f6f6;-webkit-border-radius:0px;-moz-border-radius:0px;border-radius:0px;\"><img decoding=\"async\" class=\"person-img img-responsive wp-image-2457\" width=\"718\" height=\"638\" src=\"https:\/\/platonegro.org\/wp-content\/uploads\/2021\/03\/Kimberly.jpg\" alt=\"Dr. Kimberly Andrews \" srcset=\"https:\/\/platonegro.org\/wp-content\/uploads\/2021\/03\/Kimberly-200x178.jpg 200w, https:\/\/platonegro.org\/wp-content\/uploads\/2021\/03\/Kimberly-400x355.jpg 400w, https:\/\/platonegro.org\/wp-content\/uploads\/2021\/03\/Kimberly-600x533.jpg 600w, https:\/\/platonegro.org\/wp-content\/uploads\/2021\/03\/Kimberly.jpg 718w\" sizes=\"(max-width: 1024px) 100vw, (max-width: 640px) 100vw, 400px\" \/><\/div><\/div><div class=\"person-desc\"><div class=\"person-author\"><div class=\"person-author-wrapper\"><span class=\"person-name\">Dr. Kimberly Andrews <\/span><span class=\"person-title\"><\/span><\/div><\/div><div class=\"person-content fusion-clearfix\">Kimberly es ecologista y herpet\u00f3loga que ha estudiado la ecolog\u00eda espacial de los reptiles durante m\u00e1s de 20 a\u00f1os, con especialidad en serpientes y cocodrilos. Ha estado trabajando en Costa Rica en la Pen\u00ednsula de Osa durante m\u00e1s de 10 a\u00f1os de su carrera, junto con investigadores locales para desarrollar encuestas cient\u00edficas y m\u00e9todos de investigaci\u00f3n para el inventario de poblaciones de vida silvestre, movimientos y salud animal. Comenz\u00f3 a colaborar con Plato Negro Ecology and Conservation en 2019 para dise\u00f1ar t\u00e9cnicas de campo innovadoras, que refinar\u00e1n nuestra comprensi\u00f3n del uso y comportamiento del h\u00e1bitat de las serpientes. La Dra. Andrews vive actualmente en Brunswick, GA, EE. UU., Donde administra el Laboratorio de Ecolog\u00eda Costera a trav\u00e9s de su nombramiento como profesora en la Universidad de Georgia.<\/div><\/div><\/div><\/div><style type=\"text\/css\">.fusion-body .fusion-builder-column-4{width:33.333333333333% !important;margin-top : 0px;margin-bottom : 20px;}.fusion-builder-column-4 > .fusion-column-wrapper {padding-top : 15px !important;padding-right : 15px !important;margin-right : 5.76%;padding-bottom : 15px !important;padding-left : 15px !important;margin-left : 5.76%;}@media only screen and (max-width:1024px) {.fusion-body .fusion-builder-column-4{width:100% !important;order : 0;}.fusion-builder-column-4 > .fusion-column-wrapper {margin-right : 1.92%;margin-left : 1.92%;}}@media only screen and (max-width:640px) {.fusion-body .fusion-builder-column-4{width:100% !important;order : 0;}.fusion-builder-column-4 > .fusion-column-wrapper {margin-right : 1.92%;margin-left : 1.92%;}}<\/style><\/div><\/div><style type=\"text\/css\">.fusion-body .fusion-flex-container.fusion-builder-row-1{ padding-top : 30px;margin-top : 0px;padding-right : 0px;padding-bottom : 30px;margin-bottom : 0px;padding-left : 0px;}<\/style><\/div>","protected":false},"excerpt":{"rendered":"","protected":false},"author":1,"featured_media":0,"parent":0,"menu_order":0,"comment_status":"closed","ping_status":"closed","template":"100-width.php","meta":{"footnotes":""},"class_list":["post-8","page","type-page","status-publish","hentry"],"_links":{"self":[{"href":"https:\/\/platonegro.org\/es\/wp-json\/wp\/v2\/pages\/8","targetHints":{"allow":["GET"]}}],"collection":[{"href":"https:\/\/platonegro.org\/es\/wp-json\/wp\/v2\/pages"}],"about":[{"href":"https:\/\/platonegro.org\/es\/wp-json\/wp\/v2\/types\/page"}],"author":[{"embeddable":true,"href":"https:\/\/platonegro.org\/es\/wp-json\/wp\/v2\/users\/1"}],"replies":[{"embeddable":true,"href":"https:\/\/platonegro.org\/es\/wp-json\/wp\/v2\/comments?post=8"}],"version-history":[{"count":27,"href":"https:\/\/platonegro.org\/es\/wp-json\/wp\/v2\/pages\/8\/revisions"}],"predecessor-version":[{"id":2484,"href":"https:\/\/platonegro.org\/es\/wp-json\/wp\/v2\/pages\/8\/revisions\/2484"}],"wp:attachment":[{"href":"https:\/\/platonegro.org\/es\/wp-json\/wp\/v2\/media?parent=8"}],"curies":[{"name":"wp","href":"https:\/\/api.w.org\/{rel}","templated":true}]}}